{"id":680,"date":"2025-09-24T01:58:33","date_gmt":"2025-09-24T01:58:33","guid":{"rendered":"https:\/\/slumberzon.com\/?page_id=680"},"modified":"2025-11-26T16:15:23","modified_gmt":"2025-11-26T21:15:23","slug":"politique-en-matiere-de-cookies-comment-nous-utilisons-les-cookies-chez-slumberzon","status":"publish","type":"page","link":"https:\/\/slumberzon.com\/fr\/politique-en-matiere-de-cookies-comment-nous-utilisons-les-cookies-chez-slumberzon\/","title":{"rendered":"Cookies Policy \u2013 slumberzon is built to protect you"},"content":{"rendered":"<div class=\"wp-block-stackable-hero stk-block-hero stk-block stk-d7aa6a3 stk-block-background is-style-default stk--has-background-overlay\" data-v=\"2\" data-block-id=\"d7aa6a3\"><style>.stk-d7aa6a3-inner-blocks{justify-content:center !important;}.stk-d7aa6a3 {background-image:url(https://spcdn.shortpixel.ai/spio/ret_img,q_cdnize,to_webp,s_webp/slumberzon.com/wp-content/uploads/2025/10/cookies.webp) !important;}.stk-d7aa6a3 .stk-block-hero__content{min-height:200px !important;align-items:center !important;display:flex !important;}<\/style><div class=\"stk-block-hero__content stk-content-align stk-d7aa6a3-column stk-container stk-d7aa6a3-container stk--no-background stk--no-padding\"><div class=\"stk-block-content stk-inner-blocks has-text-align-center stk--column-flex stk-d7aa6a3-inner-blocks\">\n<div class=\"wp-block-stackable-heading stk-block-heading stk-block-heading--v2 stk-block stk-4a1f947\" id=\"span-style-color-var-theme-palette-color-5-ebebeb-class-stk-highlight-cookies-policy-span\" data-block-id=\"4a1f947\"><style>.stk-4a1f947 .stk-block-heading__text{font-size:35px !important;letter-spacing:2px !important;}@media screen and (max-width:1399px){.stk-4a1f947 .stk-block-heading__text{font-size:35px !important;}}<\/style><h1 class=\"stk-block-heading__text\"><span style=\"color: var(--theme-palette-color-5, #EBEBEB);\" class=\"stk-highlight\">Politique en mati\u00e8re de cookies<\/span><\/h1><\/div>\n<\/div><\/div><\/div>\n\n\n\n<p style=\"font-size:clamp(14px, 0.875rem + ((1vw - 3.2px) * 0.391), 19px);\"><strong>Date d'entr\u00e9e en vigueur :<\/strong>&nbsp;03 octobre 2025<br><strong>Derni\u00e8re mise \u00e0 jour :<\/strong>&nbsp;03 octobre 2025<\/p>\n\n\n\n<p style=\"font-size:clamp(14px, 0.875rem + ((1vw - 3.2px) * 0.391), 19px);\">La pr\u00e9sente politique en mati\u00e8re de cookies explique comment <strong>SlumberZon.com<\/strong> (\u201cnous\u201d, \u201cnotre\u201d ou \u201cnos\u201d) utilise des cookies et des technologies similaires lorsque vous visitez notre site web. En utilisant SlumberZon.com, vous consentez \u00e0 l'utilisation de cookies conform\u00e9ment \u00e0 cette politique.<\/p>\n\n\n\n<hr class=\"wp-block-separator has-alpha-channel-opacity\"\/>\n\n\n\n<h2 class=\"wp-block-heading\">1. Qu'est-ce qu'un cookie ?<\/h2>\n\n\n\n<p>Les cookies sont de petits fichiers texte qui sont stock\u00e9s sur votre appareil (ordinateur, tablette ou mobile) lorsque vous visitez un site web. Ils aident les sites web \u00e0 reconna\u00eetre votre appareil et \u00e0 am\u00e9liorer votre exp\u00e9rience de navigation.<\/p>\n\n\n\n<hr class=\"wp-block-separator has-alpha-channel-opacity\"\/>\n\n\n\n<h2 class=\"wp-block-heading\">2. Comment nous utilisons les cookies<\/h2>\n\n\n\n<p>SlumberZon.com utilise des cookies aux fins suivantes :<\/p>\n\n\n\n<ul class=\"wp-block-list\">\n<li><strong>Biscuits essentiels<\/strong>\n<ul class=\"wp-block-list\">\n<li>N\u00e9cessaire au bon fonctionnement du site web (par exemple, navigation, s\u00e9curit\u00e9).<\/li>\n<\/ul>\n<\/li>\n\n\n\n<li><strong>Cookies analytiques<\/strong>\n<ul class=\"wp-block-list\">\n<li>Ils nous aident \u00e0 comprendre comment les visiteurs utilisent notre site, quelles sont les pages les plus populaires et comment nous pouvons am\u00e9liorer le contenu.<\/li>\n\n\n\n<li>Exemple : Google Analytics.<\/li>\n<\/ul>\n<\/li>\n\n\n\n<li><strong>Cookies d'affiliation et de publicit\u00e9<\/strong>\n<ul class=\"wp-block-list\">\n<li>Suivre les clics sur les liens affili\u00e9s et s'assurer que nous recevons un cr\u00e9dit pour les achats effectu\u00e9s par l'interm\u00e9diaire de sites partenaires (par exemple, Amazon Associates).<\/li>\n\n\n\n<li>Peut \u00e9galement \u00eatre utilis\u00e9 pour afficher des publicit\u00e9s pertinentes bas\u00e9es sur le comportement de navigation.<\/li>\n<\/ul>\n<\/li>\n\n\n\n<li><strong>Cookies de performance et de fonctionnalit\u00e9<\/strong>\n<ul class=\"wp-block-list\">\n<li>Am\u00e9liorer les fonctionnalit\u00e9s du site, notamment en m\u00e9morisant vos pr\u00e9f\u00e9rences (par exemple, les param\u00e8tres du mode sombre).<\/li>\n<\/ul>\n<\/li>\n<\/ul>\n\n\n\n<hr class=\"wp-block-separator has-alpha-channel-opacity\"\/>\n\n\n\n<h2 class=\"wp-block-heading\">3. Cookies de tiers<\/h2>\n\n\n\n<p>Nous pouvons autoriser des prestataires de services tiers \u00e0 installer des cookies sur votre appareil pour :<\/p>\n\n\n\n<ul class=\"wp-block-list\">\n<li>Analyse du site web (par exemple, Google Analytics)<\/li>\n\n\n\n<li>Suivi des affili\u00e9s (par exemple, Amazon Associates, ShareASale)<\/li>\n\n\n\n<li>Int\u00e9gration des m\u00e9dias sociaux (par exemple, Pinterest, Facebook, Instagram)<\/li>\n<\/ul>\n\n\n\n<p>Ces tiers sont responsables de leurs propres cookies et pratiques en mati\u00e8re de donn\u00e9es.<\/p>\n\n\n\n<hr class=\"wp-block-separator has-alpha-channel-opacity\"\/>\n\n\n\n<h2 class=\"wp-block-heading\">4. Gestion des cookies<\/h2>\n\n\n\n<p>Vous pouvez contr\u00f4ler ou d\u00e9sactiver les cookies par le biais des param\u00e8tres de votre navigateur. Cependant, veuillez noter que la d\u00e9sactivation de certains cookies peut affecter la fonctionnalit\u00e9 de SlumberZon.com.<\/p>\n\n\n\n<p>Liens utiles pour la gestion des cookies :<\/p>\n\n\n\n<ul class=\"wp-block-list\">\n<li><a href=\"https:\/\/www.google.com\/intl\/en_ca\/chrome\/safety\/\" data-type=\"link\" data-id=\"https:\/\/www.google.com\/intl\/en_ca\/chrome\/safety\/\" target=\"_blank\" rel=\"noopener\">Google Chrome<\/a><br>Keeping you safe and secure online is part of Chrome\u2019s DNA. Along with providing strong default protections, we aim to give you accessible, intuitive, and useful controls so you can make choices that are right for you. So, today we\u2019ve started rolling out new tools and a redesign of Chrome\u2019s privacy and security settings on desktop, to help you control your safety on the web.<\/li>\n\n\n\n<li><a href=\"https:\/\/www.firefox.com\/en-GB\/features\/private-browsing\/?gad_source=1&amp;gad_campaignid=22933483173&amp;gbraid=0AAAAAD-k1Gp4WiH1wY5QxoIKg2Kl3GPNu&amp;gclid=CjwKCAiA55rJBhByEiwAFkY1QEcqdzRIWurqX6xnzRG-o9ZOijnb6B3B26m_kkKml9ZR-AHY5KcS_hoCRqcQAvD_BwE\" data-type=\"link\" data-id=\"https:\/\/www.firefox.com\/en-GB\/features\/private-browsing\/?gad_source=1&amp;gad_campaignid=22933483173&amp;gbraid=0AAAAAD-k1Gp4WiH1wY5QxoIKg2Kl3GPNu&amp;gclid=CjwKCAiA55rJBhByEiwAFkY1QEcqdzRIWurqX6xnzRG-o9ZOijnb6B3B26m_kkKml9ZR-AHY5KcS_hoCRqcQAvD_BwE\" target=\"_blank\" rel=\"noopener\">Mozilla Firefox<\/a><br>We build Firefox together with contributors and software developers around the world in the service of a safe, accessible, and proudly public internet. Firefox isn\u2019t just a clone of another popular browser \u2013 it runs on Gecko, Mozilla\u2019s independent and open source browser engine. In addition to giving Firefox the freedom to do things differently, Gecko helps advance web standards and influence public policy.<\/li>\n\n\n\n<li><a href=\"https:\/\/www.apple.com\/ca\/safari\/\" target=\"_blank\" rel=\"noopener\">Apple Safari<\/a><br>Safari comes with industry-leading privacy protection technology built in, including Intelligent Tracking Prevention that identifies trackers and helps prevent them from profiling or following you across the web. And Private Browsing adds even more protections, such as locking your windows when you\u2019re not using them. Online privacy isn\u2019t just something you should hope for \u2014 it\u2019s something you should expect.<\/li>\n\n\n\n<li><a href=\"https:\/\/www.microsoft.com\/en-us\/edge\/?form=MA13FJ\" data-type=\"link\" data-id=\"https:\/\/www.microsoft.com\/en-us\/edge\/?form=MA13FJ\" target=\"_blank\" rel=\"noopener\">Microsoft Edge<\/a><br>Browse freely, stay private. With InPrivate in Microsoft Edge, your browsing history, cookies, and site data are never saved\u2014so you can explore, shop, and search with confidence. Whether you&#8217;re planning a surprise or researching sensitive topics, InPrivate gives you the freedom to browse without leaving a trace.<\/li>\n<\/ul>\n\n\n\n<hr class=\"wp-block-separator has-alpha-channel-opacity\"\/>\n\n\n\n<h2 class=\"wp-block-heading\">5. Votre consentement<\/h2>\n\n\n\n<p>Lors de votre premi\u00e8re visite sur le site SlumberZon.com, vous verrez un <strong>banni\u00e8re de consentement aux cookies<\/strong>. En cliquant sur \u201cAccepter\u201d ou en continuant \u00e0 utiliser le site, vous acceptez notre utilisation des cookies telle qu'elle est d\u00e9crite dans la pr\u00e9sente politique.<\/p>\n\n\n\n<p>Vous pouvez retirer votre consentement \u00e0 tout moment en ajustant les param\u00e8tres de votre navigateur ou en vous d\u00e9sinscrivant par le biais de notre outil de gestion des cookies (le cas \u00e9ch\u00e9ant).<\/p>\n\n\n\n<hr class=\"wp-block-separator has-alpha-channel-opacity\"\/>\n\n\n\n<h2 class=\"wp-block-heading\">6. Mises \u00e0 jour de la pr\u00e9sente politique<\/h2>\n\n\n\n<p>Nous pouvons mettre \u00e0 jour la pr\u00e9sente politique en mati\u00e8re de cookies de temps \u00e0 autre afin de refl\u00e9ter les modifications apport\u00e9es \u00e0 nos pratiques ou aux exigences l\u00e9gales. Les mises \u00e0 jour seront affich\u00e9es sur cette page avec une nouvelle date de \u201cderni\u00e8re mise \u00e0 jour\u201d.<\/p>\n\n\n\n<hr class=\"wp-block-separator has-alpha-channel-opacity\"\/>\n\n\n\n<h2 class=\"wp-block-heading\">7. Nous contacter<\/h2>\n\n\n\n<p>Si vous avez des questions concernant notre politique en mati\u00e8re de cookies, veuillez nous contacter :<\/p>\n\n\n\n<p>\ud83d\udce7&nbsp;<strong>Courriel :<\/strong>&nbsp;support@slumberzon.com<br>\ud83c\udf10&nbsp;<strong>Site web :<\/strong>&nbsp;<a href=\"https:\/\/slumberzon.com\/fr\/\">https:\/\/www.slumberzon.com<\/a><a href=\"https:\/\/slumberzon.com\/fr\/contact\/\">\/Contact<\/a><\/p>","protected":false},"excerpt":{"rendered":"<p>Cookies Policy Effective Date:&nbsp;October 03, 2025Last Updated:&nbsp;October 03, 2025 This Cookies Policy explains how SlumberZon.com (\u201cwe,\u201d \u201cour,\u201d or \u201cus\u201d) uses cookies and similar technologies when you visit our website. By using SlumberZon.com, you consent to the use of cookies in accordance with this policy. 1. What Are Cookies? Cookies are small text files that are [&hellip;]<\/p>\n","protected":false},"author":1,"featured_media":0,"parent":0,"menu_order":0,"comment_status":"closed","ping_status":"closed","template":"","meta":{"googlesitekit_rrm_CAow1L2iDA:productID":"","_monsterinsights_skip_tracking":false,"_monsterinsights_sitenote_active":false,"_monsterinsights_sitenote_note":"","_monsterinsights_sitenote_category":0,"footnotes":""},"class_list":["post-680","page","type-page","status-publish","hentry"],"blocksy_meta":[],"_links":{"self":[{"href":"https:\/\/slumberzon.com\/fr\/wp-json\/wp\/v2\/pages\/680","targetHints":{"allow":["GET"]}}],"collection":[{"href":"https:\/\/slumberzon.com\/fr\/wp-json\/wp\/v2\/pages"}],"about":[{"href":"https:\/\/slumberzon.com\/fr\/wp-json\/wp\/v2\/types\/page"}],"author":[{"embeddable":true,"href":"https:\/\/slumberzon.com\/fr\/wp-json\/wp\/v2\/users\/1"}],"replies":[{"embeddable":true,"href":"https:\/\/slumberzon.com\/fr\/wp-json\/wp\/v2\/comments?post=680"}],"version-history":[{"count":4,"href":"https:\/\/slumberzon.com\/fr\/wp-json\/wp\/v2\/pages\/680\/revisions"}],"predecessor-version":[{"id":2746,"href":"https:\/\/slumberzon.com\/fr\/wp-json\/wp\/v2\/pages\/680\/revisions\/2746"}],"wp:attachment":[{"href":"https:\/\/slumberzon.com\/fr\/wp-json\/wp\/v2\/media?parent=680"}],"curies":[{"name":"wp","href":"https:\/\/api.w.org\/{rel}","templated":true}]}}