{"id":3,"date":"2025-09-23T20:40:38","date_gmt":"2025-09-23T20:40:38","guid":{"rendered":"https:\/\/slumberzon.com\/?page_id=3"},"modified":"2025-11-26T10:57:14","modified_gmt":"2025-11-26T15:57:14","slug":"politique-de-confidentialite-vos-donnees-la-confiance-chez-slumberzon","status":"publish","type":"page","link":"https:\/\/slumberzon.com\/fr\/politique-de-confidentialite-vos-donnees-la-confiance-chez-slumberzon\/","title":{"rendered":"Politique de confidentialit\u00e9 - Vos donn\u00e9es et votre confiance chez SlumberZon"},"content":{"rendered":"<div class=\"wp-block-stackable-hero stk-block-hero stk-block stk-7da9ca2 stk-block-background is-style-default stk--has-background-overlay\" data-v=\"2\" data-block-id=\"7da9ca2\"><style>.stk-7da9ca2-inner-blocks{justify-content:center !important;}.stk-7da9ca2 {background-image:url(https://spcdn.shortpixel.ai/spio/ret_img,q_cdnize,to_webp,s_webp/slumberzon.com/wp-content/uploads/2025/10/privacy.webp) !important;}.stk-7da9ca2 .stk-block-hero__content{min-height:200px !important;align-items:center !important;display:flex !important;}<\/style><div class=\"stk-block-hero__content stk-content-align stk-7da9ca2-column stk-container stk-7da9ca2-container stk--no-background stk--no-padding\"><div class=\"stk-block-content stk-inner-blocks has-text-align-center stk--column-flex stk-7da9ca2-inner-blocks\">\n<div class=\"wp-block-stackable-heading stk-block-heading stk-block-heading--v2 stk-block stk-1b97dec\" id=\"span-style-color-var-theme-palette-color-5-ebebeb-class-stk-highlight-privacy-policy-span\" data-block-id=\"1b97dec\"><style>.stk-1b97dec .stk-block-heading__text{font-size:35px !important;letter-spacing:2px !important;}@media screen and (max-width:1399px){.stk-1b97dec .stk-block-heading__text{font-size:35px !important;}}<\/style><h1 class=\"stk-block-heading__text\"><span style=\"color: var(--theme-palette-color-5, #EBEBEB);\" class=\"stk-highlight\">Politique de confidentialit\u00e9<\/span><\/h1><\/div>\n<\/div><\/div><\/div>\n\n\n\n<p style=\"font-size:clamp(14px, 0.875rem + ((1vw - 3.2px) * 0.391), 19px);\"><strong>Date d'entr\u00e9e en vigueur :<\/strong> 03 octobre 2025<br><strong>Derni\u00e8re mise \u00e0 jour :<\/strong> 03 octobre 2025<\/p>\n\n\n\n<p style=\"font-size:clamp(14px, 0.875rem + ((1vw - 3.2px) * 0.391), 19px);\">Au <strong>SlumberZon.com<\/strong>, Votre vie priv\u00e9e est tr\u00e8s importante pour nous. La pr\u00e9sente politique de confidentialit\u00e9 explique comment nous recueillons, utilisons et prot\u00e9geons vos informations personnelles lorsque vous visitez ou interagissez avec notre site web.<\/p>\n\n\n\n<p style=\"font-size:clamp(14px, 0.875rem + ((1vw - 3.2px) * 0.391), 19px);\">En utilisant SlumberZon.com, vous acceptez les pratiques d\u00e9crites dans cette politique de confidentialit\u00e9. Merci de votre compr\u00e9hension et de votre soutien.<\/p>\n\n\n\n<hr class=\"wp-block-separator has-alpha-channel-opacity\"\/>\n\n\n\n<h2 class=\"wp-block-heading\">1. Les informations que nous collectons<\/h2>\n\n\n\n<p>Lorsque vous visitez le site SlumberZon.com, nous pouvons recueillir les types d'informations suivants :<\/p>\n\n\n\n<ul class=\"wp-block-list\">\n<li><strong>Informations personnelles (fournies volontairement) :<\/strong>\n<ul class=\"wp-block-list\">\n<li>Votre nom et votre adresse \u00e9lectronique si vous vous inscrivez \u00e0 notre bulletin d'information ou si vous nous contactez.<\/li>\n\n\n\n<li>Toute information que vous fournissez par le biais de commentaires ou de formulaires.<\/li>\n<\/ul>\n<\/li>\n\n\n\n<li><strong>Informations non personnelles (collect\u00e9es automatiquement) :<\/strong>\n<ul class=\"wp-block-list\">\n<li>Type de navigateur, informations sur l'appareil, adresse IP et syst\u00e8me d'exploitation.<\/li>\n\n\n\n<li>Les pages que vous visitez, le temps pass\u00e9 sur le site et les sites web de r\u00e9f\u00e9rence.<\/li>\n\n\n\n<li>Collect\u00e9es par le biais de cookies, d'outils d'analyse et de technologies similaires.<\/li>\n<\/ul>\n<\/li>\n<\/ul>\n\n\n\n<hr class=\"wp-block-separator has-alpha-channel-opacity\"\/>\n\n\n\n<h2 class=\"wp-block-heading\">2. Comment nous utilisons vos informations<\/h2>\n\n\n\n<p>Nous pouvons utiliser vos informations \u00e0 des fins telles que :<\/p>\n\n\n\n<ul class=\"wp-block-list\">\n<li>Fournir et am\u00e9liorer le contenu du site web et l'exp\u00e9rience de l'utilisateur.<\/li>\n\n\n\n<li>Envoi de bulletins d'information, de mises \u00e0 jour ou de courriels promotionnels (si vous vous inscrivez).<\/li>\n\n\n\n<li>R\u00e9pondre aux demandes de renseignements, aux questions ou aux commentaires.<\/li>\n\n\n\n<li>Contr\u00f4ler le trafic et les analyses du site afin d'am\u00e9liorer les performances.<\/li>\n\n\n\n<li>Afficher des liens d'affiliation ou des publicit\u00e9s pertinentes.<\/li>\n<\/ul>\n\n\n\n<hr class=\"wp-block-separator has-alpha-channel-opacity\"\/>\n\n\n\n<h2 class=\"wp-block-heading\">3. Divulgation de l'affiliation<\/h2>\n\n\n\n<p>SlumberZon.com participe \u00e0 <strong>programmes de marketing d'affiliation<\/strong> (comme Amazon Associates et autres). Cela signifie que nous pouvons percevoir une commission lorsque vous achetez des produits par le biais de liens sur notre site web.<\/p>\n\n\n\n<ul class=\"wp-block-list\">\n<li>Cliquer sur un lien d'affiliation ne vous co\u00fbte rien de plus.<\/li>\n\n\n\n<li>Les partenaires affili\u00e9s peuvent utiliser des cookies pour suivre les achats \u00e0 des fins de commission.<\/li>\n\n\n\n<li>Nous ne recommandons que des produits que nous jugeons utiles et pertinents pour am\u00e9liorer le sommeil et le bien-\u00eatre.<\/li>\n<\/ul>\n\n\n\n<hr class=\"wp-block-separator has-alpha-channel-opacity\"\/>\n\n\n\n<h2 class=\"wp-block-heading\">4. Cookies et suivi<\/h2>\n\n\n\n<p>SlumberZon.com utilise des cookies et des technologies similaires pour :<\/p>\n\n\n\n<ul class=\"wp-block-list\">\n<li>Am\u00e9liorer la fonctionnalit\u00e9 du site web et l'exp\u00e9rience de l'utilisateur.<\/li>\n\n\n\n<li>Analyser le trafic et les performances du site web \u00e0 l'aide d'outils tels que Google Analytics.<\/li>\n\n\n\n<li>Suivre les liens d'affiliation et les performances publicitaires.<\/li>\n<\/ul>\n\n\n\n<p>\ud83d\udc49 Vous pouvez d\u00e9sactiver les cookies dans les param\u00e8tres de votre navigateur, mais certaines fonctionnalit\u00e9s du site risquent de ne pas fonctionner correctement. <br>      Vous avez besoin de plus d'informations ? Consultez notre rubrique \u201c<a href=\"https:\/\/slumberzon.com\/fr\/politique-en-matiere-de-cookies-comment-nous-utilisons-les-cookies-chez-slumberzon\/\" data-type=\"page\" data-id=\"680\">Politique en mati\u00e8re de cookies<\/a>&#8220;<\/p>\n\n\n\n<hr class=\"wp-block-separator has-alpha-channel-opacity\"\/>\n\n\n\n<h2 class=\"wp-block-heading\">5. Communications par courrier \u00e9lectronique<\/h2>\n\n\n\n<p>Si vous vous abonnez \u00e0 notre <a href=\"https:\/\/slumberzon.com\/fr\/join-the-slumberzon-sleep-newsletter-weekly-tips-sounds\/\" data-type=\"page\" data-id=\"1087\">bulletin d'information<\/a>, Nous pouvons recueillir votre nom et votre adresse \u00e9lectronique.<\/p>\n\n\n\n<ul class=\"wp-block-list\">\n<li>Vous ne recevrez que les courriels pour lesquels vous avez opt\u00e9 (mises \u00e0 jour, conseils sur le sommeil, recommandations de produits).<\/li>\n\n\n\n<li>Vous pouvez vous d\u00e9sinscrire \u00e0 tout moment en cliquant sur le lien \u201cSe d\u00e9sinscrire\u201d dans nos courriels.<\/li>\n<\/ul>\n\n\n\n<p>Nous ne vendrons, ne louerons ni ne partagerons jamais votre adresse \u00e9lectronique avec des tiers sans votre consentement.<\/p>\n\n\n\n<hr class=\"wp-block-separator has-alpha-channel-opacity\"\/>\n\n\n\n<h2 class=\"wp-block-heading\">6. Protection des donn\u00e9es et s\u00e9curit\u00e9<\/h2>\n\n\n\n<p>Nous prenons des mesures raisonnables pour prot\u00e9ger vos informations personnelles, notamment en utilisant des connexions s\u00e9curis\u00e9es (SSL). Toutefois, veuillez noter qu'aucune m\u00e9thode de transmission en ligne n'est 100% s\u00e9curis\u00e9e.<\/p>\n\n\n\n<hr class=\"wp-block-separator has-alpha-channel-opacity\"\/>\n\n\n\n<h2 class=\"wp-block-heading\">7. Services de tiers<\/h2>\n\n\n\n<p>SlumberZon.com peut contenir des liens vers des sites Web de tiers, des programmes d'affiliation et des publicit\u00e9s. Nous ne sommes pas responsables des pratiques de confidentialit\u00e9 ou du contenu de ces sites externes. Pour plus d'informations, veuillez consulter notre section \u201c<a href=\"https:\/\/slumberzon.com\/fr\/disclaimer-terms-of-use-slumberzon\/\" data-type=\"page\" data-id=\"678\">Clause de non-responsabilit\u00e9 et conditions d'utilisation<\/a>&#8221; <\/p>\n\n\n\n<hr class=\"wp-block-separator has-alpha-channel-opacity\"\/>\n\n\n\n<h2 class=\"wp-block-heading\">8. Vie priv\u00e9e des enfants<\/h2>\n\n\n\n<p>SlumberZon.com ne recueille ni ne stocke sciemment des informations sur des personnes \u00e2g\u00e9es de moins de 13 ans. Si nous apprenons que nous avons recueilli des donn\u00e9es personnelles sur un enfant, nous les supprimerons imm\u00e9diatement.<\/p>\n\n\n\n<hr class=\"wp-block-separator has-alpha-channel-opacity\"\/>\n\n\n\n<h2 class=\"wp-block-heading\">9. Vos droits<\/h2>\n\n\n\n<p>En fonction de votre lieu de r\u00e9sidence, vous pouvez b\u00e9n\u00e9ficier de certains droits en vertu des lois sur la protection de la vie priv\u00e9e (telles que le GDPR ou le CCPA) :<\/p>\n\n\n\n<ul class=\"wp-block-list\">\n<li>Droit d'acc\u00e8s aux donn\u00e9es personnelles vous concernant.<\/li>\n\n\n\n<li>Droit de demander la correction ou la suppression de vos donn\u00e9es.<\/li>\n\n\n\n<li>Droit de refuser les courriels de marketing et le suivi des cookies.<\/li>\n<\/ul>\n\n\n\n<p>Pour exercer vos droits, veuillez nous contacter (voir section 11).<\/p>\n\n\n\n<hr class=\"wp-block-separator has-alpha-channel-opacity\"\/>\n\n\n\n<h2 class=\"wp-block-heading\">10. Mises \u00e0 jour de la pr\u00e9sente politique de confidentialit\u00e9<\/h2>\n\n\n\n<p>Nous pouvons mettre \u00e0 jour cette politique de confidentialit\u00e9 de temps \u00e0 autre pour refl\u00e9ter les changements dans nos pratiques. Les mises \u00e0 jour seront publi\u00e9es sur cette page avec une nouvelle date de \u201cderni\u00e8re mise \u00e0 jour\u201d.<\/p>\n\n\n\n<hr class=\"wp-block-separator has-alpha-channel-opacity\"\/>\n\n\n\n<h2 class=\"wp-block-heading\">11. Nous contacter<\/h2>\n\n\n\n<p>Si vous avez des questions sur la pr\u00e9sente politique de confidentialit\u00e9 ou sur la mani\u00e8re dont nous traitons vos informations, veuillez nous contacter :<\/p>\n\n\n\n<p>\ud83d\udce7 <strong>Courriel :<\/strong> support@slumberzon.com<br>\ud83c\udf10 <strong>Site web :<\/strong> <a href=\"https:\/\/slumberzon.com\/fr\/\">https:\/\/www.slumberzon.com<\/a><a href=\"https:\/\/slumberzon.com\/fr\/contact\/\" data-type=\"page\" data-id=\"349\">\/Contact<\/a><\/p>","protected":false},"excerpt":{"rendered":"<p>Privacy Policy Effective Date: October 03, 2025Last Updated: October 03, 2025 At SlumberZon.com, your privacy is very important to us. This Privacy Policy explains how we collect, use, and protect your personal information when you visit or interact with our website. By using SlumberZon.com, you agree to the practices described in this Privacy Policy. Thanks [&hellip;]<\/p>\n","protected":false},"author":1,"featured_media":0,"parent":0,"menu_order":0,"comment_status":"closed","ping_status":"closed","template":"","meta":{"googlesitekit_rrm_CAow1L2iDA:productID":"","_monsterinsights_skip_tracking":false,"_monsterinsights_sitenote_active":false,"_monsterinsights_sitenote_note":"","_monsterinsights_sitenote_category":0,"footnotes":""},"class_list":["post-3","page","type-page","status-publish","hentry"],"blocksy_meta":[],"_links":{"self":[{"href":"https:\/\/slumberzon.com\/fr\/wp-json\/wp\/v2\/pages\/3","targetHints":{"allow":["GET"]}}],"collection":[{"href":"https:\/\/slumberzon.com\/fr\/wp-json\/wp\/v2\/pages"}],"about":[{"href":"https:\/\/slumberzon.com\/fr\/wp-json\/wp\/v2\/types\/page"}],"author":[{"embeddable":true,"href":"https:\/\/slumberzon.com\/fr\/wp-json\/wp\/v2\/users\/1"}],"replies":[{"embeddable":true,"href":"https:\/\/slumberzon.com\/fr\/wp-json\/wp\/v2\/comments?post=3"}],"version-history":[{"count":6,"href":"https:\/\/slumberzon.com\/fr\/wp-json\/wp\/v2\/pages\/3\/revisions"}],"predecessor-version":[{"id":2738,"href":"https:\/\/slumberzon.com\/fr\/wp-json\/wp\/v2\/pages\/3\/revisions\/2738"}],"wp:attachment":[{"href":"https:\/\/slumberzon.com\/fr\/wp-json\/wp\/v2\/media?parent=3"}],"curies":[{"name":"wp","href":"https:\/\/api.w.org\/{rel}","templated":true}]}}