{"id":680,"date":"2025-09-24T01:58:33","date_gmt":"2025-09-24T01:58:33","guid":{"rendered":"https:\/\/slumberzon.com\/?page_id=680"},"modified":"2025-11-26T16:15:23","modified_gmt":"2025-11-26T21:15:23","slug":"politica-de-cookies-como-utilizamos-las-cookies-en-slumberzon","status":"publish","type":"page","link":"https:\/\/slumberzon.com\/es\/politica-de-cookies-como-utilizamos-las-cookies-en-slumberzon\/","title":{"rendered":"Cookies Policy \u2013 slumberzon is built to protect you"},"content":{"rendered":"<div class=\"wp-block-stackable-hero stk-block-hero stk-block stk-d7aa6a3 stk-block-background is-style-default stk--has-background-overlay\" data-v=\"2\" data-block-id=\"d7aa6a3\"><style>.stk-d7aa6a3-inner-blocks{justify-content:center !important;}.stk-d7aa6a3 {background-image:url(https://spcdn.shortpixel.ai/spio/ret_img,q_cdnize,to_webp,s_webp/slumberzon.com/wp-content/uploads/2025/10/cookies.webp) !important;}.stk-d7aa6a3 .stk-block-hero__content{min-height:200px !important;align-items:center !important;display:flex !important;}<\/style><div class=\"stk-block-hero__content stk-content-align stk-d7aa6a3-column stk-container stk-d7aa6a3-container stk--no-background stk--no-padding\"><div class=\"stk-block-content stk-inner-blocks has-text-align-center stk--column-flex stk-d7aa6a3-inner-blocks\">\n<div class=\"wp-block-stackable-heading stk-block-heading stk-block-heading--v2 stk-block stk-4a1f947\" id=\"span-style-color-var-theme-palette-color-5-ebebeb-class-stk-highlight-cookies-policy-span\" data-block-id=\"4a1f947\"><style>.stk-4a1f947 .stk-block-heading__text{font-size:35px !important;letter-spacing:2px !important;}@media screen and (max-width:1399px){.stk-4a1f947 .stk-block-heading__text{font-size:35px !important;}}<\/style><h1 class=\"stk-block-heading__text\"><span style=\"color: var(--theme-palette-color-5, #EBEBEB);\" class=\"stk-highlight\">Pol\u00edtica de cookies<\/span><\/h1><\/div>\n<\/div><\/div><\/div>\n\n\n\n<p style=\"font-size:clamp(14px, 0.875rem + ((1vw - 3.2px) * 0.391), 19px);\"><strong>Fecha de entrada en vigor:<\/strong>&nbsp;03 de octubre de 2025<br><strong>\u00daltima actualizaci\u00f3n:<\/strong>&nbsp;03 de octubre de 2025<\/p>\n\n\n\n<p style=\"font-size:clamp(14px, 0.875rem + ((1vw - 3.2px) * 0.391), 19px);\">Esta Pol\u00edtica de Cookies explica c\u00f3mo <strong>SlumberZon.com<\/strong> (\u201cnosotros\u201d, \u201cnuestro\u201d o \u201cnos\u201d) utiliza cookies y tecnolog\u00edas similares cuando usted visita nuestro sitio web. Al utilizar SlumberZon.com, acepta el uso de cookies de acuerdo con esta pol\u00edtica.<\/p>\n\n\n\n<hr class=\"wp-block-separator has-alpha-channel-opacity\"\/>\n\n\n\n<h2 class=\"wp-block-heading\">1. \u00bfQu\u00e9 son las cookies?<\/h2>\n\n\n\n<p>Las cookies son peque\u00f1os archivos de texto que se almacenan en su dispositivo (ordenador, tableta o m\u00f3vil) cuando visita un sitio web. Ayudan a los sitios web a reconocer su dispositivo y mejorar su experiencia de navegaci\u00f3n.<\/p>\n\n\n\n<hr class=\"wp-block-separator has-alpha-channel-opacity\"\/>\n\n\n\n<h2 class=\"wp-block-heading\">2. C\u00f3mo utilizamos las cookies<\/h2>\n\n\n\n<p>SlumberZon.com utiliza cookies con los siguientes fines:<\/p>\n\n\n\n<ul class=\"wp-block-list\">\n<li><strong>Galletas esenciales<\/strong>\n<ul class=\"wp-block-list\">\n<li>Necesarios para que el sitio web funcione correctamente (por ejemplo, navegaci\u00f3n, seguridad).<\/li>\n<\/ul>\n<\/li>\n\n\n\n<li><strong>Cookies anal\u00edticas<\/strong>\n<ul class=\"wp-block-list\">\n<li>Nos ayudan a comprender c\u00f3mo utilizan nuestro sitio los visitantes, qu\u00e9 p\u00e1ginas son las m\u00e1s populares y c\u00f3mo podemos mejorar el contenido.<\/li>\n\n\n\n<li>Ejemplo: Google Analytics.<\/li>\n<\/ul>\n<\/li>\n\n\n\n<li><strong>Cookies de afiliaci\u00f3n y publicidad<\/strong>\n<ul class=\"wp-block-list\">\n<li>Rastrear los clics en enlaces de afiliados y garantizar que recibimos cr\u00e9dito por las compras realizadas a trav\u00e9s de sitios asociados (por ejemplo, Amazon Associates).<\/li>\n\n\n\n<li>Tambi\u00e9n puede utilizarse para mostrar anuncios relevantes basados en el comportamiento de navegaci\u00f3n.<\/li>\n<\/ul>\n<\/li>\n\n\n\n<li><strong>Cookies de rendimiento y funcionalidad<\/strong>\n<ul class=\"wp-block-list\">\n<li>Mejorar las funciones del sitio, como recordar sus preferencias (por ejemplo, la configuraci\u00f3n del modo oscuro).<\/li>\n<\/ul>\n<\/li>\n<\/ul>\n\n\n\n<hr class=\"wp-block-separator has-alpha-channel-opacity\"\/>\n\n\n\n<h2 class=\"wp-block-heading\">3. Cookies de terceros<\/h2>\n\n\n\n<p>Podemos permitir que terceros proveedores de servicios instalen cookies en su dispositivo para:<\/p>\n\n\n\n<ul class=\"wp-block-list\">\n<li>An\u00e1lisis de sitios web (por ejemplo, Google Analytics)<\/li>\n\n\n\n<li>Seguimiento de afiliados (por ejemplo, Amazon Associates, ShareASale)<\/li>\n\n\n\n<li>Integraciones en redes sociales (por ejemplo, Pinterest, Facebook, Instagram)<\/li>\n<\/ul>\n\n\n\n<p>Estos terceros son responsables de sus propias cookies y pr\u00e1cticas de datos.<\/p>\n\n\n\n<hr class=\"wp-block-separator has-alpha-channel-opacity\"\/>\n\n\n\n<h2 class=\"wp-block-heading\">4. Gesti\u00f3n de cookies<\/h2>\n\n\n\n<p>Puede controlar o desactivar las cookies a trav\u00e9s de la configuraci\u00f3n de su navegador. Sin embargo, tenga en cuenta que deshabilitar determinadas cookies puede afectar a la funcionalidad de SlumberZon.com.<\/p>\n\n\n\n<p>Enlaces \u00fatiles para gestionar las cookies:<\/p>\n\n\n\n<ul class=\"wp-block-list\">\n<li><a href=\"https:\/\/www.google.com\/intl\/en_ca\/chrome\/safety\/\" data-type=\"link\" data-id=\"https:\/\/www.google.com\/intl\/en_ca\/chrome\/safety\/\" target=\"_blank\" rel=\"noopener\">Google Chrome<\/a><br>Keeping you safe and secure online is part of Chrome\u2019s DNA. Along with providing strong default protections, we aim to give you accessible, intuitive, and useful controls so you can make choices that are right for you. So, today we\u2019ve started rolling out new tools and a redesign of Chrome\u2019s privacy and security settings on desktop, to help you control your safety on the web.<\/li>\n\n\n\n<li><a href=\"https:\/\/www.firefox.com\/en-GB\/features\/private-browsing\/?gad_source=1&amp;gad_campaignid=22933483173&amp;gbraid=0AAAAAD-k1Gp4WiH1wY5QxoIKg2Kl3GPNu&amp;gclid=CjwKCAiA55rJBhByEiwAFkY1QEcqdzRIWurqX6xnzRG-o9ZOijnb6B3B26m_kkKml9ZR-AHY5KcS_hoCRqcQAvD_BwE\" data-type=\"link\" data-id=\"https:\/\/www.firefox.com\/en-GB\/features\/private-browsing\/?gad_source=1&amp;gad_campaignid=22933483173&amp;gbraid=0AAAAAD-k1Gp4WiH1wY5QxoIKg2Kl3GPNu&amp;gclid=CjwKCAiA55rJBhByEiwAFkY1QEcqdzRIWurqX6xnzRG-o9ZOijnb6B3B26m_kkKml9ZR-AHY5KcS_hoCRqcQAvD_BwE\" target=\"_blank\" rel=\"noopener\">Mozilla Firefox<\/a><br>We build Firefox together with contributors and software developers around the world in the service of a safe, accessible, and proudly public internet. Firefox isn\u2019t just a clone of another popular browser \u2013 it runs on Gecko, Mozilla\u2019s independent and open source browser engine. In addition to giving Firefox the freedom to do things differently, Gecko helps advance web standards and influence public policy.<\/li>\n\n\n\n<li><a href=\"https:\/\/www.apple.com\/ca\/safari\/\" target=\"_blank\" rel=\"noopener\">Safari de Apple<\/a><br>Safari comes with industry-leading privacy protection technology built in, including Intelligent Tracking Prevention that identifies trackers and helps prevent them from profiling or following you across the web. And Private Browsing adds even more protections, such as locking your windows when you\u2019re not using them. Online privacy isn\u2019t just something you should hope for \u2014 it\u2019s something you should expect.<\/li>\n\n\n\n<li><a href=\"https:\/\/www.microsoft.com\/en-us\/edge\/?form=MA13FJ\" data-type=\"link\" data-id=\"https:\/\/www.microsoft.com\/en-us\/edge\/?form=MA13FJ\" target=\"_blank\" rel=\"noopener\">Microsoft Edge<\/a><br>Browse freely, stay private. With InPrivate in Microsoft Edge, your browsing history, cookies, and site data are never saved\u2014so you can explore, shop, and search with confidence. Whether you&#8217;re planning a surprise or researching sensitive topics, InPrivate gives you the freedom to browse without leaving a trace.<\/li>\n<\/ul>\n\n\n\n<hr class=\"wp-block-separator has-alpha-channel-opacity\"\/>\n\n\n\n<h2 class=\"wp-block-heading\">5. Su consentimiento<\/h2>\n\n\n\n<p>Cuando visites SlumberZon.com por primera vez, ver\u00e1s un <strong>banner de consentimiento de cookies<\/strong>. Al hacer clic en \u201cAceptar\u201d o continuar utilizando el sitio, usted acepta nuestro uso de cookies como se describe en esta pol\u00edtica.<\/p>\n\n\n\n<p>Puede retirar su consentimiento en cualquier momento ajustando la configuraci\u00f3n de su navegador o excluy\u00e9ndose a trav\u00e9s de nuestra herramienta de gesti\u00f3n de cookies (si est\u00e1 disponible).<\/p>\n\n\n\n<hr class=\"wp-block-separator has-alpha-channel-opacity\"\/>\n\n\n\n<h2 class=\"wp-block-heading\">6. Actualizaciones de esta pol\u00edtica<\/h2>\n\n\n\n<p>Podemos actualizar esta Pol\u00edtica de Cookies de vez en cuando para reflejar cambios en nuestras pr\u00e1cticas o requisitos legales. Las actualizaciones se publicar\u00e1n en esta p\u00e1gina con una nueva fecha de \u201c\u00daltima actualizaci\u00f3n\u201d.<\/p>\n\n\n\n<hr class=\"wp-block-separator has-alpha-channel-opacity\"\/>\n\n\n\n<h2 class=\"wp-block-heading\">7. Contacto<\/h2>\n\n\n\n<p>Si tiene alguna pregunta sobre nuestra Pol\u00edtica de Cookies, p\u00f3ngase en contacto con nosotros:<\/p>\n\n\n\n<p>\ud83d\udce7&nbsp;<strong>Correo electr\u00f3nico:<\/strong>&nbsp;support@slumberzon.com<br>\ud83c\udf10&nbsp;<strong>P\u00e1gina web:<\/strong>&nbsp;<a href=\"https:\/\/slumberzon.com\/es\/\">https:\/\/www.slumberzon.com<\/a><a href=\"https:\/\/slumberzon.com\/es\/contact\/\">\/Contacto<\/a><\/p>","protected":false},"excerpt":{"rendered":"<p>Cookies Policy Effective Date:&nbsp;October 03, 2025Last Updated:&nbsp;October 03, 2025 This Cookies Policy explains how SlumberZon.com (\u201cwe,\u201d \u201cour,\u201d or \u201cus\u201d) uses cookies and similar technologies when you visit our website. By using SlumberZon.com, you consent to the use of cookies in accordance with this policy. 1. What Are Cookies? Cookies are small text files that are [&hellip;]<\/p>\n","protected":false},"author":1,"featured_media":0,"parent":0,"menu_order":0,"comment_status":"closed","ping_status":"closed","template":"","meta":{"googlesitekit_rrm_CAow1L2iDA:productID":"","_monsterinsights_skip_tracking":false,"_monsterinsights_sitenote_active":false,"_monsterinsights_sitenote_note":"","_monsterinsights_sitenote_category":0,"footnotes":""},"class_list":["post-680","page","type-page","status-publish","hentry"],"blocksy_meta":[],"_links":{"self":[{"href":"https:\/\/slumberzon.com\/es\/wp-json\/wp\/v2\/pages\/680","targetHints":{"allow":["GET"]}}],"collection":[{"href":"https:\/\/slumberzon.com\/es\/wp-json\/wp\/v2\/pages"}],"about":[{"href":"https:\/\/slumberzon.com\/es\/wp-json\/wp\/v2\/types\/page"}],"author":[{"embeddable":true,"href":"https:\/\/slumberzon.com\/es\/wp-json\/wp\/v2\/users\/1"}],"replies":[{"embeddable":true,"href":"https:\/\/slumberzon.com\/es\/wp-json\/wp\/v2\/comments?post=680"}],"version-history":[{"count":4,"href":"https:\/\/slumberzon.com\/es\/wp-json\/wp\/v2\/pages\/680\/revisions"}],"predecessor-version":[{"id":2746,"href":"https:\/\/slumberzon.com\/es\/wp-json\/wp\/v2\/pages\/680\/revisions\/2746"}],"wp:attachment":[{"href":"https:\/\/slumberzon.com\/es\/wp-json\/wp\/v2\/media?parent=680"}],"curies":[{"name":"wp","href":"https:\/\/api.w.org\/{rel}","templated":true}]}}