{"id":3,"date":"2025-09-23T20:40:38","date_gmt":"2025-09-23T20:40:38","guid":{"rendered":"https:\/\/slumberzon.com\/?page_id=3"},"modified":"2025-11-26T10:57:14","modified_gmt":"2025-11-26T15:57:14","slug":"politica-de-privacidad-sus-datos-confian-en-slumberzon","status":"publish","type":"page","link":"https:\/\/slumberzon.com\/es\/politica-de-privacidad-sus-datos-confian-en-slumberzon\/","title":{"rendered":"Pol\u00edtica de privacidad - Sus datos y su confianza en SlumberZon"},"content":{"rendered":"<div class=\"wp-block-stackable-hero stk-block-hero stk-block stk-7da9ca2 stk-block-background is-style-default stk--has-background-overlay\" data-v=\"2\" data-block-id=\"7da9ca2\"><style>.stk-7da9ca2-inner-blocks{justify-content:center !important;}.stk-7da9ca2 {background-image:url(https://spcdn.shortpixel.ai/spio/ret_img,q_cdnize,to_webp,s_webp/slumberzon.com/wp-content/uploads/2025/10/privacy.webp) !important;}.stk-7da9ca2 .stk-block-hero__content{min-height:200px !important;align-items:center !important;display:flex !important;}<\/style><div class=\"stk-block-hero__content stk-content-align stk-7da9ca2-column stk-container stk-7da9ca2-container stk--no-background stk--no-padding\"><div class=\"stk-block-content stk-inner-blocks has-text-align-center stk--column-flex stk-7da9ca2-inner-blocks\">\n<div class=\"wp-block-stackable-heading stk-block-heading stk-block-heading--v2 stk-block stk-1b97dec\" id=\"span-style-color-var-theme-palette-color-5-ebebeb-class-stk-highlight-privacy-policy-span\" data-block-id=\"1b97dec\"><style>.stk-1b97dec .stk-block-heading__text{font-size:35px !important;letter-spacing:2px !important;}@media screen and (max-width:1399px){.stk-1b97dec .stk-block-heading__text{font-size:35px !important;}}<\/style><h1 class=\"stk-block-heading__text\"><span style=\"color: var(--theme-palette-color-5, #EBEBEB);\" class=\"stk-highlight\">Pol\u00edtica de privacidad<\/span><\/h1><\/div>\n<\/div><\/div><\/div>\n\n\n\n<p style=\"font-size:clamp(14px, 0.875rem + ((1vw - 3.2px) * 0.391), 19px);\"><strong>Fecha de entrada en vigor:<\/strong> 03 de octubre de 2025<br><strong>\u00daltima actualizaci\u00f3n:<\/strong> 03 de octubre de 2025<\/p>\n\n\n\n<p style=\"font-size:clamp(14px, 0.875rem + ((1vw - 3.2px) * 0.391), 19px);\">En <strong>SlumberZon.com<\/strong>, su privacidad es muy importante para nosotros. Esta Pol\u00edtica de privacidad explica c\u00f3mo recopilamos, utilizamos y protegemos su informaci\u00f3n personal cuando visita nuestro sitio web o interact\u00faa con \u00e9l.<\/p>\n\n\n\n<p style=\"font-size:clamp(14px, 0.875rem + ((1vw - 3.2px) * 0.391), 19px);\">Al utilizar SlumberZon.com, usted acepta las pr\u00e1cticas descritas en esta Pol\u00edtica de Privacidad. Gracias por su comprensi\u00f3n y apoyo.<\/p>\n\n\n\n<hr class=\"wp-block-separator has-alpha-channel-opacity\"\/>\n\n\n\n<h2 class=\"wp-block-heading\">1. Informaci\u00f3n que recopilamos<\/h2>\n\n\n\n<p>Cuando visita SlumberZon.com, podemos recopilar los siguientes tipos de informaci\u00f3n:<\/p>\n\n\n\n<ul class=\"wp-block-list\">\n<li><strong>Informaci\u00f3n personal (facilitada voluntariamente):<\/strong>\n<ul class=\"wp-block-list\">\n<li>Su nombre y direcci\u00f3n de correo electr\u00f3nico si se suscribe a nuestro bolet\u00edn o se pone en contacto con nosotros.<\/li>\n\n\n\n<li>Cualquier informaci\u00f3n que facilite a trav\u00e9s de comentarios o formularios.<\/li>\n<\/ul>\n<\/li>\n\n\n\n<li><strong>Informaci\u00f3n no personal (recopilada autom\u00e1ticamente):<\/strong>\n<ul class=\"wp-block-list\">\n<li>Tipo de navegador, informaci\u00f3n del dispositivo, direcci\u00f3n IP y sistema operativo.<\/li>\n\n\n\n<li>P\u00e1ginas que visita, tiempo que pasa en el sitio y sitios web de referencia.<\/li>\n\n\n\n<li>Recogida a trav\u00e9s de cookies, herramientas de an\u00e1lisis y tecnolog\u00edas similares.<\/li>\n<\/ul>\n<\/li>\n<\/ul>\n\n\n\n<hr class=\"wp-block-separator has-alpha-channel-opacity\"\/>\n\n\n\n<h2 class=\"wp-block-heading\">2. C\u00f3mo utilizamos su informaci\u00f3n<\/h2>\n\n\n\n<p>Podemos utilizar su informaci\u00f3n para fines tales como:<\/p>\n\n\n\n<ul class=\"wp-block-list\">\n<li>Proporcionar y mejorar el contenido del sitio web y la experiencia del usuario.<\/li>\n\n\n\n<li>Env\u00edo de boletines, actualizaciones o correos electr\u00f3nicos promocionales (si se suscribe).<\/li>\n\n\n\n<li>Responder a consultas, preguntas o comentarios.<\/li>\n\n\n\n<li>Supervisi\u00f3n del tr\u00e1fico del sitio y an\u00e1lisis para mejorar el rendimiento.<\/li>\n\n\n\n<li>Mostrar enlaces de afiliaci\u00f3n o anuncios relevantes.<\/li>\n<\/ul>\n\n\n\n<hr class=\"wp-block-separator has-alpha-channel-opacity\"\/>\n\n\n\n<h2 class=\"wp-block-heading\">3. Divulgaci\u00f3n de la afiliaci\u00f3n<\/h2>\n\n\n\n<p>SlumberZon.com participa en <strong>programas de marketing de afiliaci\u00f3n<\/strong> (como Amazon Associates y otros). Esto significa que podemos ganar una comisi\u00f3n cuando usted compra productos a trav\u00e9s de enlaces en nuestro sitio web.<\/p>\n\n\n\n<ul class=\"wp-block-list\">\n<li>Hacer clic en un enlace de afiliado no le supone ning\u00fan coste adicional.<\/li>\n\n\n\n<li>Los socios afiliados pueden utilizar cookies para realizar un seguimiento de las compras a efectos de comisiones.<\/li>\n\n\n\n<li>S\u00f3lo recomendamos productos que consideramos \u00fatiles y relevantes para mejorar el sue\u00f1o y el bienestar.<\/li>\n<\/ul>\n\n\n\n<hr class=\"wp-block-separator has-alpha-channel-opacity\"\/>\n\n\n\n<h2 class=\"wp-block-heading\">4. Cookies y seguimiento<\/h2>\n\n\n\n<p>SlumberZon.com utiliza cookies y tecnolog\u00edas similares para:<\/p>\n\n\n\n<ul class=\"wp-block-list\">\n<li>Mejorar la funcionalidad del sitio web y la experiencia del usuario.<\/li>\n\n\n\n<li>Analice el tr\u00e1fico y el rendimiento del sitio web mediante herramientas como Google Analytics.<\/li>\n\n\n\n<li>Realice un seguimiento de los enlaces de afiliados y del rendimiento de la publicidad.<\/li>\n<\/ul>\n\n\n\n<p>\ud83d\udc49 Puede desactivar las cookies en la configuraci\u00f3n de su navegador, pero es posible que algunas funciones del sitio no funcionen correctamente. <br>      \u00bfNecesita m\u00e1s informaci\u00f3n? Cons\u00faltela en nuestro \u201c<a href=\"https:\/\/slumberzon.com\/es\/politica-de-cookies-como-utilizamos-las-cookies-en-slumberzon\/\" data-type=\"page\" data-id=\"680\">Pol\u00edtica de cookies<\/a>&#8220;<\/p>\n\n\n\n<hr class=\"wp-block-separator has-alpha-channel-opacity\"\/>\n\n\n\n<h2 class=\"wp-block-heading\">5. Comunicaciones por correo electr\u00f3nico<\/h2>\n\n\n\n<p>Si se suscribe a nuestro <a href=\"https:\/\/slumberzon.com\/es\/join-the-slumberzon-sleep-newsletter-weekly-tips-sounds\/\" data-type=\"page\" data-id=\"1087\">bolet\u00edn<\/a>, podemos recopilar su nombre y direcci\u00f3n de correo electr\u00f3nico.<\/p>\n\n\n\n<ul class=\"wp-block-list\">\n<li>S\u00f3lo recibir\u00e1s los mensajes de correo electr\u00f3nico por los que hayas optado (actualizaciones, consejos para dormir, recomendaciones de productos).<\/li>\n\n\n\n<li>Puede darse de baja en cualquier momento haciendo clic en el enlace \u201cDarse de baja\u201d de nuestros correos electr\u00f3nicos.<\/li>\n<\/ul>\n\n\n\n<p>Nunca venderemos, alquilaremos ni compartiremos su direcci\u00f3n de correo electr\u00f3nico con terceros sin su consentimiento.<\/p>\n\n\n\n<hr class=\"wp-block-separator has-alpha-channel-opacity\"\/>\n\n\n\n<h2 class=\"wp-block-heading\">6. Protecci\u00f3n de datos y seguridad<\/h2>\n\n\n\n<p>Tomamos medidas razonables para proteger su informaci\u00f3n personal, incluido el uso de conexiones seguras (SSL). No obstante, tenga en cuenta que ning\u00fan m\u00e9todo de transmisi\u00f3n en l\u00ednea es 100% seguro.<\/p>\n\n\n\n<hr class=\"wp-block-separator has-alpha-channel-opacity\"\/>\n\n\n\n<h2 class=\"wp-block-heading\">7. Servicios de terceros<\/h2>\n\n\n\n<p>SlumberZon.com puede contener enlaces a sitios web de terceros, programas de afiliados y anuncios. No somos responsables de las pr\u00e1cticas de privacidad ni del contenido de esos sitios externos. Para obtener m\u00e1s informaci\u00f3n, consulte nuestro \u201c<a href=\"https:\/\/slumberzon.com\/es\/disclaimer-terms-of-use-slumberzon\/\" data-type=\"page\" data-id=\"678\">Descargo de responsabilidad y condiciones de uso<\/a>&#8221; <\/p>\n\n\n\n<hr class=\"wp-block-separator has-alpha-channel-opacity\"\/>\n\n\n\n<h2 class=\"wp-block-heading\">8. Privacidad infantil<\/h2>\n\n\n\n<p>SlumberZon.com no recopila ni almacena conscientemente informaci\u00f3n de personas menores de 13 a\u00f1os. Si nos enteramos de que hemos recopilado datos personales de un ni\u00f1o, los eliminaremos inmediatamente.<\/p>\n\n\n\n<hr class=\"wp-block-separator has-alpha-channel-opacity\"\/>\n\n\n\n<h2 class=\"wp-block-heading\">9. Sus derechos<\/h2>\n\n\n\n<p>Dependiendo de su ubicaci\u00f3n, puede tener ciertos derechos en virtud de las leyes de privacidad (como GDPR o CCPA):<\/p>\n\n\n\n<ul class=\"wp-block-list\">\n<li>Derecho a acceder a los datos personales que tenemos sobre usted.<\/li>\n\n\n\n<li>Derecho a solicitar la rectificaci\u00f3n o supresi\u00f3n de sus datos.<\/li>\n\n\n\n<li>Derecho a excluirse de los correos electr\u00f3nicos de marketing y del seguimiento de cookies.<\/li>\n<\/ul>\n\n\n\n<p>Para ejercer sus derechos, p\u00f3ngase en contacto con nosotros (v\u00e9ase la secci\u00f3n 11).<\/p>\n\n\n\n<hr class=\"wp-block-separator has-alpha-channel-opacity\"\/>\n\n\n\n<h2 class=\"wp-block-heading\">10. Actualizaciones de esta pol\u00edtica de privacidad<\/h2>\n\n\n\n<p>Podemos actualizar esta Pol\u00edtica de Privacidad de vez en cuando para reflejar los cambios en nuestras pr\u00e1cticas. Las actualizaciones se publicar\u00e1n en esta p\u00e1gina con una nueva fecha de \u201c\u00daltima actualizaci\u00f3n\u201d.<\/p>\n\n\n\n<hr class=\"wp-block-separator has-alpha-channel-opacity\"\/>\n\n\n\n<h2 class=\"wp-block-heading\">11. Contacto<\/h2>\n\n\n\n<p>Si tiene alguna pregunta sobre esta Pol\u00edtica de privacidad o sobre c\u00f3mo tratamos su informaci\u00f3n, p\u00f3ngase en contacto con nosotros:<\/p>\n\n\n\n<p>\ud83d\udce7 <strong>Correo electr\u00f3nico:<\/strong> support@slumberzon.com<br>\ud83c\udf10 <strong>P\u00e1gina web:<\/strong> <a href=\"https:\/\/slumberzon.com\/es\/\">https:\/\/www.slumberzon.com<\/a><a href=\"https:\/\/slumberzon.com\/es\/contact\/\" data-type=\"page\" data-id=\"349\">\/Contacto<\/a><\/p>","protected":false},"excerpt":{"rendered":"<p>Privacy Policy Effective Date: October 03, 2025Last Updated: October 03, 2025 At SlumberZon.com, your privacy is very important to us. This Privacy Policy explains how we collect, use, and protect your personal information when you visit or interact with our website. By using SlumberZon.com, you agree to the practices described in this Privacy Policy. Thanks [&hellip;]<\/p>\n","protected":false},"author":1,"featured_media":0,"parent":0,"menu_order":0,"comment_status":"closed","ping_status":"closed","template":"","meta":{"googlesitekit_rrm_CAow1L2iDA:productID":"","_monsterinsights_skip_tracking":false,"_monsterinsights_sitenote_active":false,"_monsterinsights_sitenote_note":"","_monsterinsights_sitenote_category":0,"footnotes":""},"class_list":["post-3","page","type-page","status-publish","hentry"],"blocksy_meta":[],"_links":{"self":[{"href":"https:\/\/slumberzon.com\/es\/wp-json\/wp\/v2\/pages\/3","targetHints":{"allow":["GET"]}}],"collection":[{"href":"https:\/\/slumberzon.com\/es\/wp-json\/wp\/v2\/pages"}],"about":[{"href":"https:\/\/slumberzon.com\/es\/wp-json\/wp\/v2\/types\/page"}],"author":[{"embeddable":true,"href":"https:\/\/slumberzon.com\/es\/wp-json\/wp\/v2\/users\/1"}],"replies":[{"embeddable":true,"href":"https:\/\/slumberzon.com\/es\/wp-json\/wp\/v2\/comments?post=3"}],"version-history":[{"count":6,"href":"https:\/\/slumberzon.com\/es\/wp-json\/wp\/v2\/pages\/3\/revisions"}],"predecessor-version":[{"id":2738,"href":"https:\/\/slumberzon.com\/es\/wp-json\/wp\/v2\/pages\/3\/revisions\/2738"}],"wp:attachment":[{"href":"https:\/\/slumberzon.com\/es\/wp-json\/wp\/v2\/media?parent=3"}],"curies":[{"name":"wp","href":"https:\/\/api.w.org\/{rel}","templated":true}]}}