{"id":680,"date":"2025-09-24T01:58:33","date_gmt":"2025-09-24T01:58:33","guid":{"rendered":"https:\/\/slumberzon.com\/?page_id=680"},"modified":"2025-11-26T16:15:23","modified_gmt":"2025-11-26T21:15:23","slug":"cookie-richtlinie-wie-wir-bei-slumberzon-cookies-verwenden","status":"publish","type":"page","link":"https:\/\/slumberzon.com\/de\/cookie-richtlinie-wie-wir-bei-slumberzon-cookies-verwenden\/","title":{"rendered":"Cookies Policy \u2013 slumberzon is built to protect you"},"content":{"rendered":"<div class=\"wp-block-stackable-hero stk-block-hero stk-block stk-d7aa6a3 stk-block-background is-style-default stk--has-background-overlay\" data-v=\"2\" data-block-id=\"d7aa6a3\"><style>.stk-d7aa6a3-inner-blocks{justify-content:center !important;}.stk-d7aa6a3 {background-image:url(https://spcdn.shortpixel.ai/spio/ret_img,q_cdnize,to_webp,s_webp/slumberzon.com/wp-content/uploads/2025/10/cookies.webp) !important;}.stk-d7aa6a3 .stk-block-hero__content{min-height:200px !important;align-items:center !important;display:flex !important;}<\/style><div class=\"stk-block-hero__content stk-content-align stk-d7aa6a3-column stk-container stk-d7aa6a3-container stk--no-background stk--no-padding\"><div class=\"stk-block-content stk-inner-blocks has-text-align-center stk--column-flex stk-d7aa6a3-inner-blocks\">\n<div class=\"wp-block-stackable-heading stk-block-heading stk-block-heading--v2 stk-block stk-4a1f947\" id=\"span-style-color-var-theme-palette-color-5-ebebeb-class-stk-highlight-cookies-policy-span\" data-block-id=\"4a1f947\"><style>.stk-4a1f947 .stk-block-heading__text{font-size:35px !important;letter-spacing:2px !important;}@media screen and (max-width:1399px){.stk-4a1f947 .stk-block-heading__text{font-size:35px !important;}}<\/style><h1 class=\"stk-block-heading__text\"><span style=\"color: var(--theme-palette-color-5, #EBEBEB);\" class=\"stk-highlight\">Cookies-Politik<\/span><\/h1><\/div>\n<\/div><\/div><\/div>\n\n\n\n<p style=\"font-size:clamp(14px, 0.875rem + ((1vw - 3.2px) * 0.391), 19px);\"><strong>Datum des Inkrafttretens:<\/strong>&nbsp;Oktober 03, 2025<br><strong>Zuletzt aktualisiert:<\/strong>&nbsp;Oktober 03, 2025<\/p>\n\n\n\n<p style=\"font-size:clamp(14px, 0.875rem + ((1vw - 3.2px) * 0.391), 19px);\">Diese Cookie-Richtlinie erkl\u00e4rt, wie <strong>SchlummerZon.de<\/strong> (\u201cwir\u201d, \u201cunser\u201d oder \u201cuns\u201d) verwendet Cookies und \u00e4hnliche Technologien, wenn Sie unsere Website besuchen. Durch die Nutzung von SlumberZon.com erkl\u00e4ren Sie sich mit der Verwendung von Cookies in \u00dcbereinstimmung mit dieser Richtlinie einverstanden.<\/p>\n\n\n\n<hr class=\"wp-block-separator has-alpha-channel-opacity\"\/>\n\n\n\n<h2 class=\"wp-block-heading\">1. Was sind Cookies?<\/h2>\n\n\n\n<p>Cookies sind kleine Textdateien, die auf Ihrem Ger\u00e4t (Computer, Tablet oder Handy) gespeichert werden, wenn Sie eine Website besuchen. Sie helfen Websites, Ihr Ger\u00e4t zu erkennen und Ihr Surferlebnis zu verbessern.<\/p>\n\n\n\n<hr class=\"wp-block-separator has-alpha-channel-opacity\"\/>\n\n\n\n<h2 class=\"wp-block-heading\">2. Wie wir Cookies verwenden<\/h2>\n\n\n\n<p>SlumberZon.com verwendet Cookies f\u00fcr die folgenden Zwecke:<\/p>\n\n\n\n<ul class=\"wp-block-list\">\n<li><strong>Unverzichtbare Cookies<\/strong>\n<ul class=\"wp-block-list\">\n<li>F\u00fcr das ordnungsgem\u00e4\u00dfe Funktionieren der Website erforderlich (z. B. Navigation, Sicherheit).<\/li>\n<\/ul>\n<\/li>\n\n\n\n<li><strong>Analyse-Cookies<\/strong>\n<ul class=\"wp-block-list\">\n<li>Sie helfen uns zu verstehen, wie Besucher unsere Website nutzen, welche Seiten am beliebtesten sind und wie wir den Inhalt verbessern k\u00f6nnen.<\/li>\n\n\n\n<li>Beispiel: Google Analytics.<\/li>\n<\/ul>\n<\/li>\n\n\n\n<li><strong>Cookies f\u00fcr Partner und Werbung<\/strong>\n<ul class=\"wp-block-list\">\n<li>Verfolgen Sie Klicks auf Affiliate-Links und stellen Sie sicher, dass wir eine Gutschrift f\u00fcr K\u00e4ufe erhalten, die \u00fcber Partnerseiten (z. B. Amazon Associates) get\u00e4tigt wurden.<\/li>\n\n\n\n<li>Kann auch verwendet werden, um relevante Werbung auf der Grundlage des Surfverhaltens anzuzeigen.<\/li>\n<\/ul>\n<\/li>\n\n\n\n<li><strong>Leistung und Funktionalit\u00e4t Cookies<\/strong>\n<ul class=\"wp-block-list\">\n<li>Verbesserung von Website-Funktionen, wie z. B. die Speicherung Ihrer Pr\u00e4ferenzen (z. B. Einstellungen f\u00fcr den dunklen Modus).<\/li>\n<\/ul>\n<\/li>\n<\/ul>\n\n\n\n<hr class=\"wp-block-separator has-alpha-channel-opacity\"\/>\n\n\n\n<h2 class=\"wp-block-heading\">3. Cookies von Drittanbietern<\/h2>\n\n\n\n<p>Wir k\u00f6nnen Drittanbietern erlauben, Cookies auf Ihrem Ger\u00e4t zu setzen:<\/p>\n\n\n\n<ul class=\"wp-block-list\">\n<li>Website-Analytik (z. B. Google Analytics)<\/li>\n\n\n\n<li>Partner-Tracking (z. B. Amazon Associates, ShareASale)<\/li>\n\n\n\n<li>Integrationen in soziale Medien (z. B. Pinterest, Facebook, Instagram)<\/li>\n<\/ul>\n\n\n\n<p>Diese Drittparteien sind f\u00fcr ihre eigenen Cookies und Datenpraktiken verantwortlich.<\/p>\n\n\n\n<hr class=\"wp-block-separator has-alpha-channel-opacity\"\/>\n\n\n\n<h2 class=\"wp-block-heading\">4. Verwaltung von Cookies<\/h2>\n\n\n\n<p>Sie k\u00f6nnen Cookies \u00fcber Ihre Browsereinstellungen kontrollieren oder deaktivieren. Bitte beachten Sie jedoch, dass die Deaktivierung bestimmter Cookies die Funktionalit\u00e4t von SlumberZon.com beeintr\u00e4chtigen kann.<\/p>\n\n\n\n<p>Hilfreiche Links zur Verwaltung von Cookies:<\/p>\n\n\n\n<ul class=\"wp-block-list\">\n<li><a href=\"https:\/\/www.google.com\/intl\/en_ca\/chrome\/safety\/\" data-type=\"link\" data-id=\"https:\/\/www.google.com\/intl\/en_ca\/chrome\/safety\/\" target=\"_blank\" rel=\"noopener\">Google Chrome<\/a><br>Keeping you safe and secure online is part of Chrome\u2019s DNA. Along with providing strong default protections, we aim to give you accessible, intuitive, and useful controls so you can make choices that are right for you. So, today we\u2019ve started rolling out new tools and a redesign of Chrome\u2019s privacy and security settings on desktop, to help you control your safety on the web.<\/li>\n\n\n\n<li><a href=\"https:\/\/www.firefox.com\/en-GB\/features\/private-browsing\/?gad_source=1&amp;gad_campaignid=22933483173&amp;gbraid=0AAAAAD-k1Gp4WiH1wY5QxoIKg2Kl3GPNu&amp;gclid=CjwKCAiA55rJBhByEiwAFkY1QEcqdzRIWurqX6xnzRG-o9ZOijnb6B3B26m_kkKml9ZR-AHY5KcS_hoCRqcQAvD_BwE\" data-type=\"link\" data-id=\"https:\/\/www.firefox.com\/en-GB\/features\/private-browsing\/?gad_source=1&amp;gad_campaignid=22933483173&amp;gbraid=0AAAAAD-k1Gp4WiH1wY5QxoIKg2Kl3GPNu&amp;gclid=CjwKCAiA55rJBhByEiwAFkY1QEcqdzRIWurqX6xnzRG-o9ZOijnb6B3B26m_kkKml9ZR-AHY5KcS_hoCRqcQAvD_BwE\" target=\"_blank\" rel=\"noopener\">Mozilla Firefox<\/a><br>We build Firefox together with contributors and software developers around the world in the service of a safe, accessible, and proudly public internet. Firefox isn\u2019t just a clone of another popular browser \u2013 it runs on Gecko, Mozilla\u2019s independent and open source browser engine. In addition to giving Firefox the freedom to do things differently, Gecko helps advance web standards and influence public policy.<\/li>\n\n\n\n<li><a href=\"https:\/\/www.apple.com\/ca\/safari\/\" target=\"_blank\" rel=\"noopener\">Apple Safari<\/a><br>Safari comes with industry-leading privacy protection technology built in, including Intelligent Tracking Prevention that identifies trackers and helps prevent them from profiling or following you across the web. And Private Browsing adds even more protections, such as locking your windows when you\u2019re not using them. Online privacy isn\u2019t just something you should hope for \u2014 it\u2019s something you should expect.<\/li>\n\n\n\n<li><a href=\"https:\/\/www.microsoft.com\/en-us\/edge\/?form=MA13FJ\" data-type=\"link\" data-id=\"https:\/\/www.microsoft.com\/en-us\/edge\/?form=MA13FJ\" target=\"_blank\" rel=\"noopener\">Microsoft Edge<\/a><br>Browse freely, stay private. With InPrivate in Microsoft Edge, your browsing history, cookies, and site data are never saved\u2014so you can explore, shop, and search with confidence. Whether you&#8217;re planning a surprise or researching sensitive topics, InPrivate gives you the freedom to browse without leaving a trace.<\/li>\n<\/ul>\n\n\n\n<hr class=\"wp-block-separator has-alpha-channel-opacity\"\/>\n\n\n\n<h2 class=\"wp-block-heading\">5. Ihr Einverst\u00e4ndnis<\/h2>\n\n\n\n<p>Wenn Sie SlumberZon.com zum ersten Mal besuchen, sehen Sie ein <strong>Cookie-Zustimmungsbanner<\/strong>. Wenn Sie auf \u201cAkzeptieren\u201d klicken oder die Website weiter nutzen, erkl\u00e4ren Sie sich mit der Verwendung von Cookies, wie in dieser Richtlinie beschrieben, einverstanden.<\/p>\n\n\n\n<p>Sie k\u00f6nnen Ihre Zustimmung jederzeit widerrufen, indem Sie Ihre Browsereinstellungen anpassen oder sich \u00fcber unser Cookie-Verwaltungstool (falls vorhanden) abmelden.<\/p>\n\n\n\n<hr class=\"wp-block-separator has-alpha-channel-opacity\"\/>\n\n\n\n<h2 class=\"wp-block-heading\">6. Aktualisierungen dieser Richtlinie<\/h2>\n\n\n\n<p>Wir behalten uns vor, diese Cookie-Richtlinie von Zeit zu Zeit zu aktualisieren, um \u00c4nderungen in unseren Praktiken oder gesetzlichen Anforderungen zu ber\u00fccksichtigen. Aktualisierungen werden auf dieser Seite mit einem neuen \u201cZuletzt aktualisiert\u201d-Datum ver\u00f6ffentlicht.<\/p>\n\n\n\n<hr class=\"wp-block-separator has-alpha-channel-opacity\"\/>\n\n\n\n<h2 class=\"wp-block-heading\">7. Kontakt<\/h2>\n\n\n\n<p>Wenn Sie Fragen zu unserer Cookie-Politik haben, kontaktieren Sie uns bitte:<\/p>\n\n\n\n<p>\ud83d\udce7&nbsp;<strong>E-Mail:<\/strong>&nbsp;support@slumberzon.com<br>\ud83c\udf10&nbsp;<strong>Website:<\/strong>&nbsp;<a href=\"https:\/\/slumberzon.com\/de\/\">https:\/\/www.slumberzon.com<\/a><a href=\"https:\/\/slumberzon.com\/de\/contact\/\">\/Kontakt<\/a><\/p>","protected":false},"excerpt":{"rendered":"<p>Cookies Policy Effective Date:&nbsp;October 03, 2025Last Updated:&nbsp;October 03, 2025 This Cookies Policy explains how SlumberZon.com (\u201cwe,\u201d \u201cour,\u201d or \u201cus\u201d) uses cookies and similar technologies when you visit our website. By using SlumberZon.com, you consent to the use of cookies in accordance with this policy. 1. What Are Cookies? Cookies are small text files that are [&hellip;]<\/p>\n","protected":false},"author":1,"featured_media":0,"parent":0,"menu_order":0,"comment_status":"closed","ping_status":"closed","template":"","meta":{"googlesitekit_rrm_CAow1L2iDA:productID":"","_monsterinsights_skip_tracking":false,"_monsterinsights_sitenote_active":false,"_monsterinsights_sitenote_note":"","_monsterinsights_sitenote_category":0,"footnotes":""},"class_list":["post-680","page","type-page","status-publish","hentry"],"blocksy_meta":[],"_links":{"self":[{"href":"https:\/\/slumberzon.com\/de\/wp-json\/wp\/v2\/pages\/680","targetHints":{"allow":["GET"]}}],"collection":[{"href":"https:\/\/slumberzon.com\/de\/wp-json\/wp\/v2\/pages"}],"about":[{"href":"https:\/\/slumberzon.com\/de\/wp-json\/wp\/v2\/types\/page"}],"author":[{"embeddable":true,"href":"https:\/\/slumberzon.com\/de\/wp-json\/wp\/v2\/users\/1"}],"replies":[{"embeddable":true,"href":"https:\/\/slumberzon.com\/de\/wp-json\/wp\/v2\/comments?post=680"}],"version-history":[{"count":4,"href":"https:\/\/slumberzon.com\/de\/wp-json\/wp\/v2\/pages\/680\/revisions"}],"predecessor-version":[{"id":2746,"href":"https:\/\/slumberzon.com\/de\/wp-json\/wp\/v2\/pages\/680\/revisions\/2746"}],"wp:attachment":[{"href":"https:\/\/slumberzon.com\/de\/wp-json\/wp\/v2\/media?parent=680"}],"curies":[{"name":"wp","href":"https:\/\/api.w.org\/{rel}","templated":true}]}}