{"id":3,"date":"2025-09-23T20:40:38","date_gmt":"2025-09-23T20:40:38","guid":{"rendered":"https:\/\/slumberzon.com\/?page_id=3"},"modified":"2025-11-26T10:57:14","modified_gmt":"2025-11-26T15:57:14","slug":"datenschutzerklarung-ihr-datenvertrauen-bei-slumberzon","status":"publish","type":"page","link":"https:\/\/slumberzon.com\/de\/datenschutzerklarung-ihr-datenvertrauen-bei-slumberzon\/","title":{"rendered":"Datenschutz - Ihre Daten und Ihr Vertrauen bei SlumberZon"},"content":{"rendered":"<div class=\"wp-block-stackable-hero stk-block-hero stk-block stk-7da9ca2 stk-block-background is-style-default stk--has-background-overlay\" data-v=\"2\" data-block-id=\"7da9ca2\"><style>.stk-7da9ca2-inner-blocks{justify-content:center !important;}.stk-7da9ca2 {background-image:url(https://spcdn.shortpixel.ai/spio/ret_img,q_cdnize,to_webp,s_webp/slumberzon.com/wp-content/uploads/2025/10/privacy.webp) !important;}.stk-7da9ca2 .stk-block-hero__content{min-height:200px !important;align-items:center !important;display:flex !important;}<\/style><div class=\"stk-block-hero__content stk-content-align stk-7da9ca2-column stk-container stk-7da9ca2-container stk--no-background stk--no-padding\"><div class=\"stk-block-content stk-inner-blocks has-text-align-center stk--column-flex stk-7da9ca2-inner-blocks\">\n<div class=\"wp-block-stackable-heading stk-block-heading stk-block-heading--v2 stk-block stk-1b97dec\" id=\"span-style-color-var-theme-palette-color-5-ebebeb-class-stk-highlight-privacy-policy-span\" data-block-id=\"1b97dec\"><style>.stk-1b97dec .stk-block-heading__text{font-size:35px !important;letter-spacing:2px !important;}@media screen and (max-width:1399px){.stk-1b97dec .stk-block-heading__text{font-size:35px !important;}}<\/style><h1 class=\"stk-block-heading__text\"><span style=\"color: var(--theme-palette-color-5, #EBEBEB);\" class=\"stk-highlight\">Datenschutzbestimmungen<\/span><\/h1><\/div>\n<\/div><\/div><\/div>\n\n\n\n<p style=\"font-size:clamp(14px, 0.875rem + ((1vw - 3.2px) * 0.391), 19px);\"><strong>Datum des Inkrafttretens:<\/strong> Oktober 03, 2025<br><strong>Zuletzt aktualisiert:<\/strong> Oktober 03, 2025<\/p>\n\n\n\n<p style=\"font-size:clamp(14px, 0.875rem + ((1vw - 3.2px) * 0.391), 19px);\">Unter <strong>SchlummerZon.de<\/strong>, ist Ihre Privatsph\u00e4re f\u00fcr uns sehr wichtig. In dieser Datenschutzrichtlinie wird erl\u00e4utert, wie wir Ihre pers\u00f6nlichen Daten erfassen, verwenden und sch\u00fctzen, wenn Sie unsere Website besuchen oder mit ihr interagieren.<\/p>\n\n\n\n<p style=\"font-size:clamp(14px, 0.875rem + ((1vw - 3.2px) * 0.391), 19px);\">Durch die Nutzung von SlumberZon.com erkl\u00e4ren Sie sich mit den in dieser Datenschutzrichtlinie beschriebenen Praktiken einverstanden. Vielen Dank f\u00fcr Ihr Verst\u00e4ndnis und Ihre Unterst\u00fctzung.<\/p>\n\n\n\n<hr class=\"wp-block-separator has-alpha-channel-opacity\"\/>\n\n\n\n<h2 class=\"wp-block-heading\">1. Informationen, die wir sammeln<\/h2>\n\n\n\n<p>Wenn Sie SlumberZon.com besuchen, k\u00f6nnen wir die folgenden Arten von Informationen sammeln:<\/p>\n\n\n\n<ul class=\"wp-block-list\">\n<li><strong>Pers\u00f6nliche Informationen (freiwillig zur Verf\u00fcgung gestellt):<\/strong>\n<ul class=\"wp-block-list\">\n<li>Ihren Namen und Ihre E-Mail-Adresse, wenn Sie unseren Newsletter abonnieren oder mit uns Kontakt aufnehmen.<\/li>\n\n\n\n<li>Alle Informationen, die Sie in Kommentaren oder Formularen angeben.<\/li>\n<\/ul>\n<\/li>\n\n\n\n<li><strong>Nicht-personenbezogene Informationen (automatisch gesammelt):<\/strong>\n<ul class=\"wp-block-list\">\n<li>Browsertyp, Ger\u00e4teinformationen, IP-Adresse und Betriebssystem.<\/li>\n\n\n\n<li>Von Ihnen besuchte Seiten, Verweildauer auf der Website und vermittelte Websites.<\/li>\n\n\n\n<li>Erfasst durch Cookies, Analysetools und \u00e4hnliche Technologien.<\/li>\n<\/ul>\n<\/li>\n<\/ul>\n\n\n\n<hr class=\"wp-block-separator has-alpha-channel-opacity\"\/>\n\n\n\n<h2 class=\"wp-block-heading\">2. Wie wir Ihre Informationen verwenden<\/h2>\n\n\n\n<p>Wir k\u00f6nnen Ihre Daten unter anderem f\u00fcr folgende Zwecke verwenden:<\/p>\n\n\n\n<ul class=\"wp-block-list\">\n<li>Bereitstellung und Verbesserung von Website-Inhalten und Benutzerfreundlichkeit.<\/li>\n\n\n\n<li>Versand von Newslettern, Aktualisierungen oder Werbe-E-Mails (wenn Sie diese abonniert haben).<\/li>\n\n\n\n<li>Beantwortung von Anfragen, Fragen oder Kommentaren.<\/li>\n\n\n\n<li>\u00dcberwachung des Website-Verkehrs und der Analysen zur Verbesserung der Leistung.<\/li>\n\n\n\n<li>Anzeige relevanter Partnerlinks oder Werbung.<\/li>\n<\/ul>\n\n\n\n<hr class=\"wp-block-separator has-alpha-channel-opacity\"\/>\n\n\n\n<h2 class=\"wp-block-heading\">3. Offenlegung der Tochtergesellschaften<\/h2>\n\n\n\n<p>SlumberZon.com beteiligt sich an <strong>Partnermarketing-Programme<\/strong> (wie z.B. Amazon Associates und andere). Das bedeutet, dass wir m\u00f6glicherweise eine Provision erhalten, wenn Sie Produkte \u00fcber Links auf unserer Website kaufen.<\/p>\n\n\n\n<ul class=\"wp-block-list\">\n<li>Wenn Sie auf einen Partnerlink klicken, entstehen Ihnen keine zus\u00e4tzlichen Kosten.<\/li>\n\n\n\n<li>Affiliate-Partner k\u00f6nnen Cookies verwenden, um K\u00e4ufe f\u00fcr Provisionszwecke zu verfolgen.<\/li>\n\n\n\n<li>Wir empfehlen nur Produkte, von denen wir glauben, dass sie n\u00fctzlich und relevant f\u00fcr besseren Schlaf und Wohlbefinden sind.<\/li>\n<\/ul>\n\n\n\n<hr class=\"wp-block-separator has-alpha-channel-opacity\"\/>\n\n\n\n<h2 class=\"wp-block-heading\">4. Cookies &amp; Tracking<\/h2>\n\n\n\n<p>SlumberZon.com verwendet Cookies und \u00e4hnliche Technologien, um:<\/p>\n\n\n\n<ul class=\"wp-block-list\">\n<li>Verbesserung der Website-Funktionalit\u00e4t und der Benutzerfreundlichkeit.<\/li>\n\n\n\n<li>Analysieren Sie den Website-Verkehr und die Leistung mit Tools wie Google Analytics.<\/li>\n\n\n\n<li>Verfolgen Sie die Leistung von Affiliate-Links und Werbung.<\/li>\n<\/ul>\n\n\n\n<p>\ud83d\udc49 Sie k\u00f6nnen Cookies in Ihren Browsereinstellungen deaktivieren, aber einige Funktionen der Website funktionieren dann m\u00f6glicherweise nicht richtig. <br>      Ben\u00f6tigen Sie weitere Informationen? Bitte schauen Sie auf unserer \u201c<a href=\"https:\/\/slumberzon.com\/de\/cookie-richtlinie-wie-wir-bei-slumberzon-cookies-verwenden\/\" data-type=\"page\" data-id=\"680\">Cookies-Politik<\/a>&#8220;<\/p>\n\n\n\n<hr class=\"wp-block-separator has-alpha-channel-opacity\"\/>\n\n\n\n<h2 class=\"wp-block-heading\">5. E-Mail-Kommunikation<\/h2>\n\n\n\n<p>Wenn Sie sich bei unserem <a href=\"https:\/\/slumberzon.com\/de\/join-the-slumberzon-sleep-newsletter-weekly-tips-sounds\/\" data-type=\"page\" data-id=\"1087\">Newsletter<\/a>, k\u00f6nnen wir Ihren Namen und Ihre E-Mail-Adresse erfassen.<\/p>\n\n\n\n<ul class=\"wp-block-list\">\n<li>Sie werden nur E-Mails erhalten, f\u00fcr die Sie sich entschieden haben (Updates, Schlaftipps, Produktempfehlungen).<\/li>\n\n\n\n<li>Sie k\u00f6nnen sich jederzeit abmelden, indem Sie auf den Link \u201cAbmelden\u201d in unseren E-Mails klicken.<\/li>\n<\/ul>\n\n\n\n<p>Wir werden Ihre E-Mail-Adresse niemals verkaufen, vermieten oder ohne Ihre Zustimmung an Dritte weitergeben.<\/p>\n\n\n\n<hr class=\"wp-block-separator has-alpha-channel-opacity\"\/>\n\n\n\n<h2 class=\"wp-block-heading\">6. Datenschutz und Sicherheit<\/h2>\n\n\n\n<p>Wir unternehmen angemessene Schritte, um Ihre pers\u00f6nlichen Daten zu sch\u00fctzen, einschlie\u00dflich der Verwendung von sicheren Verbindungen (SSL). Bitte beachten Sie jedoch, dass keine Methode der Online-\u00dcbertragung 100% sicher ist.<\/p>\n\n\n\n<hr class=\"wp-block-separator has-alpha-channel-opacity\"\/>\n\n\n\n<h2 class=\"wp-block-heading\">7. Dienstleistungen von Drittanbietern<\/h2>\n\n\n\n<p>SlumberZon.com kann Links zu Websites Dritter, Partnerprogrammen und Werbung enthalten. Wir sind nicht verantwortlich f\u00fcr die Datenschutzpraktiken oder den Inhalt dieser externen Websites. Um mehr Informationen zu erhalten, besuchen Sie bitte unsere \u201c<a href=\"https:\/\/slumberzon.com\/de\/disclaimer-terms-of-use-slumberzon\/\" data-type=\"page\" data-id=\"678\">Haftungsausschluss &amp; Nutzungsbedingungen<\/a>&#8221; <\/p>\n\n\n\n<hr class=\"wp-block-separator has-alpha-channel-opacity\"\/>\n\n\n\n<h2 class=\"wp-block-heading\">8. Privatsph\u00e4re der Kinder<\/h2>\n\n\n\n<p>SlumberZon.com sammelt oder speichert nicht wissentlich Informationen von Personen unter 13 Jahren. Wenn wir erfahren, dass wir pers\u00f6nliche Daten von einem Kind gesammelt haben, werden wir diese sofort l\u00f6schen.<\/p>\n\n\n\n<hr class=\"wp-block-separator has-alpha-channel-opacity\"\/>\n\n\n\n<h2 class=\"wp-block-heading\">9. Deine Rechte<\/h2>\n\n\n\n<p>Je nach Ihrem Wohnort haben Sie m\u00f6glicherweise bestimmte Rechte gem\u00e4\u00df den Datenschutzgesetzen (wie GDPR oder CCPA):<\/p>\n\n\n\n<ul class=\"wp-block-list\">\n<li>Recht auf Zugang zu den pers\u00f6nlichen Daten, die wir \u00fcber Sie haben.<\/li>\n\n\n\n<li>Recht, die Berichtigung oder L\u00f6schung Ihrer Daten zu verlangen.<\/li>\n\n\n\n<li>Recht auf Abmeldung von Marketing-E-Mails und Cookie-Tracking.<\/li>\n<\/ul>\n\n\n\n<p>Um Ihre Rechte auszu\u00fcben, nehmen Sie bitte Kontakt mit uns auf (siehe Abschnitt 11).<\/p>\n\n\n\n<hr class=\"wp-block-separator has-alpha-channel-opacity\"\/>\n\n\n\n<h2 class=\"wp-block-heading\">10. Aktualisierungen dieser Datenschutzrichtlinie<\/h2>\n\n\n\n<p>Wir k\u00f6nnen diese Datenschutzrichtlinie von Zeit zu Zeit aktualisieren, um \u00c4nderungen in unseren Praktiken zu ber\u00fccksichtigen. Aktualisierungen werden auf dieser Seite mit einem neuen \u201cZuletzt aktualisiert\u201d-Datum ver\u00f6ffentlicht.<\/p>\n\n\n\n<hr class=\"wp-block-separator has-alpha-channel-opacity\"\/>\n\n\n\n<h2 class=\"wp-block-heading\">11. Kontakt<\/h2>\n\n\n\n<p>Wenn Sie Fragen zu dieser Datenschutzrichtlinie oder zum Umgang mit Ihren Daten haben, wenden Sie sich bitte an uns:<\/p>\n\n\n\n<p>\ud83d\udce7 <strong>E-Mail:<\/strong> support@slumberzon.com<br>\ud83c\udf10 <strong>Website:<\/strong> <a href=\"https:\/\/slumberzon.com\/de\/\">https:\/\/www.slumberzon.com<\/a><a href=\"https:\/\/slumberzon.com\/de\/contact\/\" data-type=\"page\" data-id=\"349\">\/Kontakt<\/a><\/p>","protected":false},"excerpt":{"rendered":"<p>Privacy Policy Effective Date: October 03, 2025Last Updated: October 03, 2025 At SlumberZon.com, your privacy is very important to us. This Privacy Policy explains how we collect, use, and protect your personal information when you visit or interact with our website. By using SlumberZon.com, you agree to the practices described in this Privacy Policy. Thanks [&hellip;]<\/p>\n","protected":false},"author":1,"featured_media":0,"parent":0,"menu_order":0,"comment_status":"closed","ping_status":"closed","template":"","meta":{"googlesitekit_rrm_CAow1L2iDA:productID":"","_monsterinsights_skip_tracking":false,"_monsterinsights_sitenote_active":false,"_monsterinsights_sitenote_note":"","_monsterinsights_sitenote_category":0,"footnotes":""},"class_list":["post-3","page","type-page","status-publish","hentry"],"blocksy_meta":[],"_links":{"self":[{"href":"https:\/\/slumberzon.com\/de\/wp-json\/wp\/v2\/pages\/3","targetHints":{"allow":["GET"]}}],"collection":[{"href":"https:\/\/slumberzon.com\/de\/wp-json\/wp\/v2\/pages"}],"about":[{"href":"https:\/\/slumberzon.com\/de\/wp-json\/wp\/v2\/types\/page"}],"author":[{"embeddable":true,"href":"https:\/\/slumberzon.com\/de\/wp-json\/wp\/v2\/users\/1"}],"replies":[{"embeddable":true,"href":"https:\/\/slumberzon.com\/de\/wp-json\/wp\/v2\/comments?post=3"}],"version-history":[{"count":6,"href":"https:\/\/slumberzon.com\/de\/wp-json\/wp\/v2\/pages\/3\/revisions"}],"predecessor-version":[{"id":2738,"href":"https:\/\/slumberzon.com\/de\/wp-json\/wp\/v2\/pages\/3\/revisions\/2738"}],"wp:attachment":[{"href":"https:\/\/slumberzon.com\/de\/wp-json\/wp\/v2\/media?parent=3"}],"curies":[{"name":"wp","href":"https:\/\/api.w.org\/{rel}","templated":true}]}}